{"id":44,"date":"2020-03-16T17:17:33","date_gmt":"2020-03-16T17:17:33","guid":{"rendered":"https:\/\/bowtech-bruchkoebel.de\/?page_id=44"},"modified":"2024-06-07T02:09:41","modified_gmt":"2024-06-07T02:09:41","slug":"die-bowen-therapie","status":"publish","type":"page","link":"https:\/\/bowtech-bruchkoebel.de\/index.php\/die-bowen-therapie\/","title":{"rendered":"Die Bowen-Therapie"},"content":{"rendered":"\n<p>Die Bowen-Technik ist eine ganzheitliche und sanfte Muskel- und\nBindegewebemethode, die seit vielen Jahren weltweit erfolgreich angewendet\nwird.<\/p>\n\n\n\n<p>Eine Reihe von pr\u00e4zisen, sanften\nGriffen im Bereich des Muskel- und Fasziensystems helfen dem K\u00f6rper seine\nRessourcen der Selbstregulation optimal zu nutzen und wieder in Balance zu\nkommen. Die Impulse der Bowen-Griffe sprechen das autonome Nervensystem an und\nf\u00fchren zu einer strukturellen und funktionellen Neuorientierung des K\u00f6rpers.<\/p>\n\n\n\n<p>Die Bowen-Technik ist\nhervorragend geeignet, Wohlbefinden und Gesundheit zu erlangen und zu erhalten.\nSie unterst\u00fctzt das optimale Ablaufen aller K\u00f6rperfunktionen.<\/p>\n\n\n\n<p>Die Psyche wird aufgrund der\nentspannenden Impulse positiv beeinflusst.<\/p>\n\n\n\n<h4 class=\"wp-block-heading\">1.&nbsp;&nbsp;&nbsp;&nbsp;&nbsp;&nbsp;&nbsp;&nbsp;&nbsp;&nbsp;&nbsp;&nbsp;\nDie Wirkungsweise<\/h4>\n\n\n\n<p>Die Bowen-Technik geht davon aus,\ndass der K\u00f6rper die angeborene F\u00e4higkeit besitzt, sich unter geeigneten\nBedingungen selbst zu heilen. Um diesen nat\u00fcrlichen Selbstregulationsprozess zu\naktivieren und zu f\u00f6rdern, hilft die Bowen-Technik die Energiestrukturen,\nSchwingungs- und Bewegungsmuster im K\u00f6rper \u00fcber sein Zellged\u00e4chtnis neu zu\norganisieren und seinen nat\u00fcrlichen, gesunden Zustand wieder herzustellen.<\/p>\n\n\n\n<p>Genauer: Die gesetzten Griffe\nstimulieren bestimmte Rezeptoren im Muskel- und Fasziensystem. Sie regen den\nEnergiefluss an, Muskeln entspannen sich und das Nervensystem wird\nausbalanciert.<\/p>\n\n\n\n<p>Durch diese Entspannung im\nMuskel- und Faszienbereich k\u00f6nnen z.B. Wirbel, Knochen oder Gelenke wieder von\nselbst zur\u00fcck in ihre urspr\u00fcngliche Position gelangen.<\/p>\n\n\n\n<p>Wo immer es zu einer Schwellung\noder Stauung im Gewebe kommt, wird durch die Bowen-Technik das Lymphsystem\nangeregt und somit die Drainage und Funktion desselben verbessert.<\/p>\n\n\n\n<p>Das L\u00f6sen der Spannungen im\nGewebe f\u00f6rdert die Durchblutung. Dadurch wird die Aufnahme von N\u00e4hrstoffen in\ndie Zellen verbessert und ebenso die Ausscheidungsprozesse im K\u00f6rper und das\nLymphsystem unterst\u00fctzt.<\/p>\n\n\n\n<h4 class=\"wp-block-heading\">2.&nbsp;&nbsp;&nbsp;&nbsp;&nbsp;&nbsp;&nbsp;&nbsp;&nbsp;&nbsp;&nbsp;&nbsp;\nAnwendungsm\u00f6glichkeiten<\/h4>\n\n\n\n<p>Die Bowen-Technik kann sowohl als\nausschliessliche Methode als auch als Erg\u00e4nzung zu traditionellen medizinischen\nHeilverfahren angewendet werden.<\/p>\n\n\n\n<p>Die Methode dient der\nGesunderhaltung und Rehabilitation. Sie wird bei Sportlern unterst\u00fctzend zur\nLeistungssteigerung und -erhaltung und zur Verbesserung der\nRegenerationsf\u00e4higkeit angewendet. Sie f\u00fchrt zu mehr Lebensqualit\u00e4t durch\nBeweglichkeit und innere Ausgeglichenheit.<\/p>\n\n\n\n<h4 class=\"wp-block-heading\">3.\u00a0\u00a0\u00a0\u00a0\u00a0\u00a0\u00a0\u00a0\u00a0\u00a0\u00a0\u00a0 Dauer der Behandlung<\/h4>\n\n\n\n<p>Eine Bowtech-Behandlung dauert in etwa 60 bis 90 Minuten. Hierbei wechseln sich aktive Phasen der Behandlung mit Ruhephasen ab, in denen der K\u00f6rper die Griffe aufnehmen und verarbeiten kann.<\/p>\n\n\n\n<h4 class=\"wp-block-heading\">4.&nbsp;&nbsp;&nbsp;&nbsp;&nbsp;&nbsp;&nbsp;&nbsp;&nbsp;&nbsp;&nbsp;&nbsp;\nKonkrete\nAnwendungsgebiete<\/h4>\n\n\n\n<ul class=\"wp-block-list\"><li>Muskelverspannungen<\/li><li>Ischiasprobleme<\/li><li>Schulter- ,Knie- und H\u00fcftgelenksbeschwerden<\/li><li>Ellbogen- und Handgelenksproblemen<\/li><li>Migr\u00e4ne und Kopfschmerzen<\/li><li>Stress bzw. Ersch\u00f6pfungszust\u00e4nde<\/li><li>Atemwegserkrankungen,Asthma, Bronchitis, Allergien, Heuschnupfen<\/li><li>Organische Beschwerden (Herz, Niere, Verdauung, Leber)<\/li><li>Menstruationsbeschwerden, Unfruchtbarkeit<\/li><li>Babys und Kinder<\/li><li>Beschwerden in den Wechseljahren<\/li><li>Sportverletzungen, Schleudertrauma<\/li><li>vor und nach Operationen<\/li><li>und vieles mehr<\/li><\/ul>\n","protected":false},"excerpt":{"rendered":"<p>Die Bowen-Technik ist eine ganzheitliche und sanfte Muskel- und Bindegewebemethode, die seit vielen Jahren weltweit erfolgreich angewendet wird. Eine Reihe von pr\u00e4zisen, sanften Griffen im Bereich des Muskel- und Fasziensystems helfen dem K\u00f6rper seine Ressourcen der Selbstregulation optimal zu nutzen und wieder in Balance zu kommen. Die Impulse der Bowen-Griffe sprechen das autonome Nervensystem an [&hellip;]<\/p>\n","protected":false},"author":1,"featured_media":0,"parent":0,"menu_order":0,"comment_status":"closed","ping_status":"open","template":"","meta":{"footnotes":""},"class_list":["post-44","page","type-page","status-publish","hentry"],"yoast_head":"<!-- This site is optimized with the Yoast SEO plugin v25.5 - https:\/\/yoast.com\/wordpress\/plugins\/seo\/ -->\n<title>Die Bowen-Therapie - Bowtech-Bruchk\u00f6bel - Anette Dittmar<\/title>\n<meta name=\"robots\" content=\"index, follow, max-snippet:-1, max-image-preview:large, max-video-preview:-1\" \/>\n<link rel=\"canonical\" href=\"https:\/\/bowtech-bruchkoebel.de\/index.php\/die-bowen-therapie\/\" \/>\n<meta property=\"og:locale\" content=\"de_DE\" \/>\n<meta property=\"og:type\" content=\"article\" \/>\n<meta property=\"og:title\" content=\"Die Bowen-Therapie - Bowtech-Bruchk\u00f6bel - Anette Dittmar\" \/>\n<meta property=\"og:description\" content=\"Die Bowen-Technik ist eine ganzheitliche und sanfte Muskel- und Bindegewebemethode, die seit vielen Jahren weltweit erfolgreich angewendet wird. Eine Reihe von pr\u00e4zisen, sanften Griffen im Bereich des Muskel- und Fasziensystems helfen dem K\u00f6rper seine Ressourcen der Selbstregulation optimal zu nutzen und wieder in Balance zu kommen. Die Impulse der Bowen-Griffe sprechen das autonome Nervensystem an [&hellip;]\" \/>\n<meta property=\"og:url\" content=\"https:\/\/bowtech-bruchkoebel.de\/index.php\/die-bowen-therapie\/\" \/>\n<meta property=\"og:site_name\" content=\"Bowtech-Bruchk\u00f6bel - Anette Dittmar\" \/>\n<meta property=\"article:modified_time\" content=\"2024-06-07T02:09:41+00:00\" \/>\n<meta name=\"twitter:card\" content=\"summary_large_image\" \/>\n<meta name=\"twitter:label1\" content=\"Gesch\u00e4tzte Lesezeit\" \/>\n\t<meta name=\"twitter:data1\" content=\"2\u00a0Minuten\" \/>\n<script type=\"application\/ld+json\" class=\"yoast-schema-graph\">{\"@context\":\"https:\/\/schema.org\",\"@graph\":[{\"@type\":\"WebPage\",\"@id\":\"https:\/\/bowtech-bruchkoebel.de\/index.php\/die-bowen-therapie\/\",\"url\":\"https:\/\/bowtech-bruchkoebel.de\/index.php\/die-bowen-therapie\/\",\"name\":\"Die Bowen-Therapie - Bowtech-Bruchk\u00f6bel - Anette Dittmar\",\"isPartOf\":{\"@id\":\"https:\/\/bowtech-bruchkoebel.de\/#website\"},\"datePublished\":\"2020-03-16T17:17:33+00:00\",\"dateModified\":\"2024-06-07T02:09:41+00:00\",\"breadcrumb\":{\"@id\":\"https:\/\/bowtech-bruchkoebel.de\/index.php\/die-bowen-therapie\/#breadcrumb\"},\"inLanguage\":\"de\",\"potentialAction\":[{\"@type\":\"ReadAction\",\"target\":[\"https:\/\/bowtech-bruchkoebel.de\/index.php\/die-bowen-therapie\/\"]}]},{\"@type\":\"BreadcrumbList\",\"@id\":\"https:\/\/bowtech-bruchkoebel.de\/index.php\/die-bowen-therapie\/#breadcrumb\",\"itemListElement\":[{\"@type\":\"ListItem\",\"position\":1,\"name\":\"Home\",\"item\":\"https:\/\/bowtech-bruchkoebel.de\/\"},{\"@type\":\"ListItem\",\"position\":2,\"name\":\"Die Bowen-Therapie\"}]},{\"@type\":\"WebSite\",\"@id\":\"https:\/\/bowtech-bruchkoebel.de\/#website\",\"url\":\"https:\/\/bowtech-bruchkoebel.de\/\",\"name\":\"Bowtech-Bruchk\u00f6bel - Anette Dittmar\",\"description\":\"\",\"publisher\":{\"@id\":\"https:\/\/bowtech-bruchkoebel.de\/#organization\"},\"potentialAction\":[{\"@type\":\"SearchAction\",\"target\":{\"@type\":\"EntryPoint\",\"urlTemplate\":\"https:\/\/bowtech-bruchkoebel.de\/?s={search_term_string}\"},\"query-input\":{\"@type\":\"PropertyValueSpecification\",\"valueRequired\":true,\"valueName\":\"search_term_string\"}}],\"inLanguage\":\"de\"},{\"@type\":\"Organization\",\"@id\":\"https:\/\/bowtech-bruchkoebel.de\/#organization\",\"name\":\"Bowtech-Bruchk\u00f6bel - Anette Dittmar\",\"url\":\"https:\/\/bowtech-bruchkoebel.de\/\",\"logo\":{\"@type\":\"ImageObject\",\"inLanguage\":\"de\",\"@id\":\"https:\/\/bowtech-bruchkoebel.de\/#\/schema\/logo\/image\/\",\"url\":\"https:\/\/bowtech-bruchkoebel.de\/wp-content\/uploads\/2020\/03\/BOWTECH-Logo-freigestellt.png\",\"contentUrl\":\"https:\/\/bowtech-bruchkoebel.de\/wp-content\/uploads\/2020\/03\/BOWTECH-Logo-freigestellt.png\",\"width\":3662,\"height\":919,\"caption\":\"Bowtech-Bruchk\u00f6bel - Anette Dittmar\"},\"image\":{\"@id\":\"https:\/\/bowtech-bruchkoebel.de\/#\/schema\/logo\/image\/\"}}]}<\/script>\n<!-- \/ Yoast SEO plugin. -->","yoast_head_json":{"title":"Die Bowen-Therapie - Bowtech-Bruchk\u00f6bel - Anette Dittmar","robots":{"index":"index","follow":"follow","max-snippet":"max-snippet:-1","max-image-preview":"max-image-preview:large","max-video-preview":"max-video-preview:-1"},"canonical":"https:\/\/bowtech-bruchkoebel.de\/index.php\/die-bowen-therapie\/","og_locale":"de_DE","og_type":"article","og_title":"Die Bowen-Therapie - Bowtech-Bruchk\u00f6bel - Anette Dittmar","og_description":"Die Bowen-Technik ist eine ganzheitliche und sanfte Muskel- und Bindegewebemethode, die seit vielen Jahren weltweit erfolgreich angewendet wird. Eine Reihe von pr\u00e4zisen, sanften Griffen im Bereich des Muskel- und Fasziensystems helfen dem K\u00f6rper seine Ressourcen der Selbstregulation optimal zu nutzen und wieder in Balance zu kommen. Die Impulse der Bowen-Griffe sprechen das autonome Nervensystem an [&hellip;]","og_url":"https:\/\/bowtech-bruchkoebel.de\/index.php\/die-bowen-therapie\/","og_site_name":"Bowtech-Bruchk\u00f6bel - Anette Dittmar","article_modified_time":"2024-06-07T02:09:41+00:00","twitter_card":"summary_large_image","twitter_misc":{"Gesch\u00e4tzte Lesezeit":"2\u00a0Minuten"},"schema":{"@context":"https:\/\/schema.org","@graph":[{"@type":"WebPage","@id":"https:\/\/bowtech-bruchkoebel.de\/index.php\/die-bowen-therapie\/","url":"https:\/\/bowtech-bruchkoebel.de\/index.php\/die-bowen-therapie\/","name":"Die Bowen-Therapie - Bowtech-Bruchk\u00f6bel - Anette Dittmar","isPartOf":{"@id":"https:\/\/bowtech-bruchkoebel.de\/#website"},"datePublished":"2020-03-16T17:17:33+00:00","dateModified":"2024-06-07T02:09:41+00:00","breadcrumb":{"@id":"https:\/\/bowtech-bruchkoebel.de\/index.php\/die-bowen-therapie\/#breadcrumb"},"inLanguage":"de","potentialAction":[{"@type":"ReadAction","target":["https:\/\/bowtech-bruchkoebel.de\/index.php\/die-bowen-therapie\/"]}]},{"@type":"BreadcrumbList","@id":"https:\/\/bowtech-bruchkoebel.de\/index.php\/die-bowen-therapie\/#breadcrumb","itemListElement":[{"@type":"ListItem","position":1,"name":"Home","item":"https:\/\/bowtech-bruchkoebel.de\/"},{"@type":"ListItem","position":2,"name":"Die Bowen-Therapie"}]},{"@type":"WebSite","@id":"https:\/\/bowtech-bruchkoebel.de\/#website","url":"https:\/\/bowtech-bruchkoebel.de\/","name":"Bowtech-Bruchk\u00f6bel - Anette Dittmar","description":"","publisher":{"@id":"https:\/\/bowtech-bruchkoebel.de\/#organization"},"potentialAction":[{"@type":"SearchAction","target":{"@type":"EntryPoint","urlTemplate":"https:\/\/bowtech-bruchkoebel.de\/?s={search_term_string}"},"query-input":{"@type":"PropertyValueSpecification","valueRequired":true,"valueName":"search_term_string"}}],"inLanguage":"de"},{"@type":"Organization","@id":"https:\/\/bowtech-bruchkoebel.de\/#organization","name":"Bowtech-Bruchk\u00f6bel - Anette Dittmar","url":"https:\/\/bowtech-bruchkoebel.de\/","logo":{"@type":"ImageObject","inLanguage":"de","@id":"https:\/\/bowtech-bruchkoebel.de\/#\/schema\/logo\/image\/","url":"https:\/\/bowtech-bruchkoebel.de\/wp-content\/uploads\/2020\/03\/BOWTECH-Logo-freigestellt.png","contentUrl":"https:\/\/bowtech-bruchkoebel.de\/wp-content\/uploads\/2020\/03\/BOWTECH-Logo-freigestellt.png","width":3662,"height":919,"caption":"Bowtech-Bruchk\u00f6bel - Anette Dittmar"},"image":{"@id":"https:\/\/bowtech-bruchkoebel.de\/#\/schema\/logo\/image\/"}}]}},"_links":{"self":[{"href":"https:\/\/bowtech-bruchkoebel.de\/index.php\/wp-json\/wp\/v2\/pages\/44","targetHints":{"allow":["GET"]}}],"collection":[{"href":"https:\/\/bowtech-bruchkoebel.de\/index.php\/wp-json\/wp\/v2\/pages"}],"about":[{"href":"https:\/\/bowtech-bruchkoebel.de\/index.php\/wp-json\/wp\/v2\/types\/page"}],"author":[{"embeddable":true,"href":"https:\/\/bowtech-bruchkoebel.de\/index.php\/wp-json\/wp\/v2\/users\/1"}],"replies":[{"embeddable":true,"href":"https:\/\/bowtech-bruchkoebel.de\/index.php\/wp-json\/wp\/v2\/comments?post=44"}],"version-history":[{"count":5,"href":"https:\/\/bowtech-bruchkoebel.de\/index.php\/wp-json\/wp\/v2\/pages\/44\/revisions"}],"predecessor-version":[{"id":95,"href":"https:\/\/bowtech-bruchkoebel.de\/index.php\/wp-json\/wp\/v2\/pages\/44\/revisions\/95"}],"wp:attachment":[{"href":"https:\/\/bowtech-bruchkoebel.de\/index.php\/wp-json\/wp\/v2\/media?parent=44"}],"curies":[{"name":"wp","href":"https:\/\/api.w.org\/{rel}","templated":true}]}}